{"id":71,"date":"2017-10-04T23:18:08","date_gmt":"2017-10-04T23:18:08","guid":{"rendered":"http:\/\/nomix.apps-1and1.net\/?page_id=71"},"modified":"2019-02-10T14:05:47","modified_gmt":"2019-02-10T13:05:47","slug":"nutzungsbedingungen-2","status":"publish","type":"page","link":"https:\/\/nomix-hundeschule.de\/index.php\/nutzungsbedingungen-2\/","title":{"rendered":"Nutzungsbedingungen"},"content":{"rendered":"<div class=\"wpb-content-wrapper\"><p>[vc_row][vc_column width=&#8220;1\/6&#8243;][\/vc_column][vc_column width=&#8220;2\/3&#8243;][vc_column_text]<\/p>\n<h2>Nutzungsbedingungen<\/h2>\n<p>Die Nutzungsbedingungen gelten f\u00fcr alle Besucher der Internetpr\u00e4senz www.nomix.biz von <span style=\"color: #33cc33;\">NOMIX\u00ae<\/span>. Mit dem Besuch der Website erkennt der Besucher die Nutzungsbedingungen an.<\/p>\n<p>Die Inhalte dieser Website werden mit gr\u00f6\u00dftm\u00f6glicher Sorgfalt recherchiert und implementiert. Fehler im Bearbeitungsvorgang sind dennoch nicht auszuschlie\u00dfen. Hinweise und Korrekturen senden Sie bitte an info@nomix.biz.<\/p>\n<p>Eine Haftung f\u00fcr die Richtigkeit, Vollst\u00e4ndigkeit und Aktualit\u00e4t dieser Website kann trotz sorgf\u00e4ltiger Pr\u00fcfung nicht \u00fcbernommen werden. <span style=\"color: #33cc33;\">NOMIX\u00ae<\/span> \u00fcbernimmt insbesondere keinerlei Haftung f\u00fcr eventuelle Sch\u00e4den oder Konsequenzen, die durch die direkte oder indirekte Nutzung der angebotenen Inhalte entstehen.<\/p>\n<p><span style=\"color: #33cc33;\">NOMIX\u00ae<\/span> ist als Inhaltsanbieter f\u00fcr die eigenen Inhalte, die es zur Nutzung bereith\u00e4lt, nach den allgemeinen Gesetzen verantwortlich. Von diesen eigenen Inhalten sind Querverweise (externe Links) auf die von anderen Anbietern bereitgehaltenen Inhalte zu unterscheiden. Diese fremden Inhalte stammen weder von <span style=\"color: #33cc33;\">NOMIX\u00ae<\/span> noch hat <span style=\"color: #33cc33;\">NOMIX\u00ae<\/span> die M\u00f6glichkeit, den Inhalt von Seiten Dritter zu beeinflussen. Die Inhalte fremder Seiten, auf die <span style=\"color: #33cc33;\">NOMIX\u00ae<\/span> mittels Links hinweist, spiegeln nicht die Meinung von <span style=\"color: #33cc33;\">NOMIX\u00ae<\/span> wider, sondern dienen lediglich der Information und der Darstellung von Zusammenh\u00e4ngen. <span style=\"color: #33cc33;\">NOMIX\u00ae<\/span> haftet nicht f\u00fcr fremde Inhalte, auf die sie lediglich in oben genanntem Sinn hinweist. Die Verantwortlichkeit liegt allein bei dem Anbieter der Inhalte.<\/p>\n<p>Alle auf dieser Website ver\u00f6ffentlichten Inhalte (Layout, Texte, Bilder, Grafiken usw.) unterliegen dem Urheberrecht. Jede vom Urheberrechtsgesetz nicht zugelassene Verwertung bedarf vorheriger schriftlicher Zustimmung der jeweiligen Rechteinhaber. Dies gilt insbesondere f\u00fcr Vervielf\u00e4ltigung, Bearbeitung, \u00dcbersetzung, Einspeicherung, Verarbeitung bzw. Wiedergabe von Inhalten in Datenbanken oder anderen elektronischen Medien und Systemen. Fotokopien und Downloads von Webseiten d\u00fcrfen nur f\u00fcr den pers\u00f6nlichen, privaten und nicht kommerziellen Gebrauch hergestellt werden.<\/p>\n<h2>Google Maps<\/h2>\n<p>Auf der Internetseite wird als Wegweiser Google Maps durch die iFrame Technologie eingebunden. Durch nutzen der Internetseite werden Daten an Goggle Inc. automatisch erhoben. Die Nutzungsbedingungen von Google Inc. k\u00f6nnen Sie <a href=\"https:\/\/www.google.com\/intl\/de_de\/help\/terms_maps.html\" target=\"_blank\" rel=\"noopener\">hier<\/a> aufrufen.[\/vc_column_text][vc_separator color=&#8220;custom&#8220; el_width=&#8220;50&#8243; accent_color=&#8220;#33cc33&#8243;][vc_column_text]<\/p>\n<h2>Datenschutz<\/h2>\n<p>Die Betreiber dieser Seiten nehmen den Schutz Ihrer pers\u00f6nlichen Daten sehr ernst. Wir behandeln Ihre personenbezogenen Daten vertraulich und entsprechend der gesetzlichen Datenschutzvorschriften sowie dieser Datenschutzerkl\u00e4rung.<\/p>\n<p>Die Nutzung unserer Webseite ist in der Regel ohne Angabe personenbezogener Daten m\u00f6glich. Soweit auf unseren Seiten personenbezogene Daten (beispielsweise Name, Anschrift oder E-Mail-Adressen) erhoben werden, erfolgt dies, soweit m\u00f6glich, stets auf freiwilliger Basis. Diese Daten werden ohne Ihre ausdr\u00fcckliche Zustimmung nicht an Dritte weitergegeben.<\/p>\n<p>Wir weisen darauf hin, dass die Daten\u00fcbertragung im Internet (z.B. bei der Kommunikation per E-Mail) Sicherheitsl\u00fccken aufweisen kann. Ein l\u00fcckenloser Schutz der Daten vor dem Zugriff durch Dritte ist nicht m\u00f6glich.<\/p>\n<p>&nbsp;<\/p>\n<h2>Cookies<\/h2>\n<p>Die Internetseiten verwenden teilweise so genannte Cookies. Cookies richten auf Ihrem Rechner keinen Schaden an und enthalten keine Viren. Cookies dienen dazu, unser Angebot nutzerfreundlicher, effektiver und sicherer zu machen. Cookies sind kleine Textdateien, die auf Ihrem Rechner abgelegt werden und die Ihr Browser speichert.<\/p>\n<p>Die meisten der von uns verwendeten Cookies sind so genannte \u201eSession-Cookies\u201c. Sie werden nach Ende Ihres Besuchs automatisch gel\u00f6scht. Andere Cookies bleiben auf Ihrem Endger\u00e4t gespeichert, bis Sie diese l\u00f6schen. Diese Cookies erm\u00f6glichen es uns, Ihren Browser beim n\u00e4chsten Besuch wiederzuerkennen.<\/p>\n<p>Sie k\u00f6nnen Ihren Browser so einstellen, dass Sie \u00fcber das Setzen von Cookies informiert werden und Cookies nur im Einzelfall erlauben, die Annahme von Cookies f\u00fcr bestimmte F\u00e4lle oder generell ausschlie\u00dfen sowie das automatische L\u00f6schen der Cookies beim Schlie\u00dfen des Browser aktivieren. Bei der Deaktivierung von Cookies kann die Funktionalit\u00e4t dieser Website eingeschr\u00e4nkt sein.<\/p>\n<p>&nbsp;<\/p>\n<h2>Server-Log-Files<\/h2>\n<p>Der Provider der Seiten erhebt und speichert automatisch Informationen in so genannten Server-Log Files, die Ihr Browser automatisch an uns \u00fcbermittelt. Dies sind:<\/p>\n<ul>\n<li>Browsertyp und Browserversion<\/li>\n<li>verwendetes Betriebssystem<\/li>\n<li>Referrer URL<\/li>\n<li>Hostname des zugreifenden Rechners<\/li>\n<li>Uhrzeit der Serveranfrage<\/li>\n<\/ul>\n<p>Diese Daten sind nicht bestimmten Personen zuordenbar. Eine Zusammenf\u00fchrung dieser Daten mit anderen Datenquellen wird nicht vorgenommen. Wir behalten uns vor, diese Daten nachtr\u00e4glich zu pr\u00fcfen, wenn uns konkrete Anhaltspunkte f\u00fcr eine rechtswidrige Nutzung bekannt werden.<\/p>\n<p>&nbsp;<\/p>\n<p><em>Quelle: <a href=\"https:\/\/www.e-recht24.de\" target=\"_blank\" rel=\"noopener\">eRecht24<\/a><\/em>[\/vc_column_text][\/vc_column][vc_column width=&#8220;1\/6&#8243;][\/vc_column][\/vc_row]<\/p>\n<\/div>","protected":false},"excerpt":{"rendered":"<p>[vc_row][vc_column width=&#8220;1\/6&#8243;][\/vc_column][vc_column width=&#8220;2\/3&#8243;][vc_column_text] Nutzungsbedingungen Die Nutzungsbedingungen gelten f\u00fcr alle Besucher der Internetpr\u00e4senz www.nomix.biz von NOMIX\u00ae. Mit dem Besuch der Website erkennt der Besucher die Nutzungsbedingungen an.<span class=\"excerpt-hellip\"> [\u2026]<\/span><\/p>\n","protected":false},"author":3,"featured_media":0,"parent":0,"menu_order":0,"comment_status":"closed","ping_status":"closed","template":"","meta":{"footnotes":""},"class_list":["post-71","page","type-page","status-publish","hentry"],"_links":{"self":[{"href":"https:\/\/nomix-hundeschule.de\/index.php\/wp-json\/wp\/v2\/pages\/71","targetHints":{"allow":["GET"]}}],"collection":[{"href":"https:\/\/nomix-hundeschule.de\/index.php\/wp-json\/wp\/v2\/pages"}],"about":[{"href":"https:\/\/nomix-hundeschule.de\/index.php\/wp-json\/wp\/v2\/types\/page"}],"author":[{"embeddable":true,"href":"https:\/\/nomix-hundeschule.de\/index.php\/wp-json\/wp\/v2\/users\/3"}],"replies":[{"embeddable":true,"href":"https:\/\/nomix-hundeschule.de\/index.php\/wp-json\/wp\/v2\/comments?post=71"}],"version-history":[{"count":2,"href":"https:\/\/nomix-hundeschule.de\/index.php\/wp-json\/wp\/v2\/pages\/71\/revisions"}],"predecessor-version":[{"id":259,"href":"https:\/\/nomix-hundeschule.de\/index.php\/wp-json\/wp\/v2\/pages\/71\/revisions\/259"}],"wp:attachment":[{"href":"https:\/\/nomix-hundeschule.de\/index.php\/wp-json\/wp\/v2\/media?parent=71"}],"curies":[{"name":"wp","href":"https:\/\/api.w.org\/{rel}","templated":true}]}}