{"id":228,"date":"2017-09-30T12:39:43","date_gmt":"2017-09-30T10:39:43","guid":{"rendered":"http:\/\/nomix.apps-1and1.net\/?page_id=2"},"modified":"2026-02-19T07:05:42","modified_gmt":"2026-02-19T06:05:42","slug":"home-2","status":"publish","type":"page","link":"https:\/\/nomix-hundeschule.de\/","title":{"rendered":"Home"},"content":{"rendered":"<div class=\"wpb-content-wrapper\"><p>[vc_row][vc_column width=&#8220;1\/6&#8243;][\/vc_column][vc_column width=&#8220;2\/3&#8243;][vc_column_text el_id=&#8220;home&#8220;]<\/p>\n<h3 style=\"text-align: center;\">Herzlich willkommen auf unserer Homepage<\/h3>\n<h3 style=\"text-align: center;\"><img loading=\"lazy\" decoding=\"async\" class=\"aligncenter wp-image-253 size-full\" src=\"https:\/\/nomix-hundeschule.de\/wp-content\/uploads\/2019\/02\/01.jpg\" alt=\"\" width=\"799\" height=\"160\" srcset=\"https:\/\/nomix-hundeschule.de\/wp-content\/uploads\/2019\/02\/01.jpg 799w, https:\/\/nomix-hundeschule.de\/wp-content\/uploads\/2019\/02\/01-300x60.jpg 300w, https:\/\/nomix-hundeschule.de\/wp-content\/uploads\/2019\/02\/01-768x154.jpg 768w, https:\/\/nomix-hundeschule.de\/wp-content\/uploads\/2019\/02\/01-260x52.jpg 260w, https:\/\/nomix-hundeschule.de\/wp-content\/uploads\/2019\/02\/01-50x10.jpg 50w, https:\/\/nomix-hundeschule.de\/wp-content\/uploads\/2019\/02\/01-150x30.jpg 150w\" sizes=\"auto, (max-width:767px) 700px, (max-width:799px) 100vw, 799px\" \/><\/h3>\n<p>[\/vc_column_text][vc_tta_accordion color=&#8220;green&#8220; active_section=&#8220;1&#8243; no_fill=&#8220;true&#8220; css=&#8220;.vc_custom_1521351692932{background-color: #3f3f3f !important;}&#8220;][vc_tta_section title=&#8220;Herzlich willkommen&#8220; tab_id=&#8220;1521349630782-27ca7aad-bec1&#8243;][vc_column_text]<span style=\"color: #33cc33;\">NOMIX\u00ae<\/span> freut sich auf jeden Rasse- oder Rassemix-Vierbeiner und seine Menschen. Auch mit Problemhunden sind Sie auf unserem eigenen Trainingsgel\u00e4nde(3 Pl\u00e4tze) in Vechta, Krimpenforter Weg 0, willkommen. Wir bieten dazu Besch\u00e4ftigungsstunden (Agility (kein Leistungssport), Obidience, Apportieren, Main Trailing, u.v.m.) an.<\/p>\n<p><span style=\"color: #33cc33;\">NOMIX\u00ae<\/span> ist auch in der Lage Hunde mit Berufen (Jagdhund, Rettungshund), mit Ihnen zusammen, in die Fachgebiete einzuarbeiten, wenn die Sozialisierung und Veranlagung des Hundes es zul\u00e4sst.<\/p>\n<p>Falls wir Ihr Interesse geweckt haben sollten, setzen Sie sich doch einfach mit uns in Verbindung. Machen Sie sich, auch gerne mit Hund, ein eigenes Bild. Eine erste Beratung und ein kostenloses Probetraining bieten wir Ihnen gerne an.<\/p>\n<p>das Team der Hundeschule <span style=\"color: #33cc33;\">NOMIX\u00ae<\/span>[\/vc_column_text][\/vc_tta_section][vc_tta_section title=&#8220;unsere Philosophie&#8220; tab_id=&#8220;1521349653506-de0d9db3-78a7&#8243; el_class=&#8220;philosophie&#8220;][vc_column_text]<span style=\"color: #33cc33;\">NOMIX\u00ae<\/span> arbeitet nach eigenen Ausbildungsmethoden die durch die langj\u00e4hrige Erfahrungen des Teams mit Hunden aller Rassen und Mischungen und Besuchen von Seminaren und Fortbildungsveranstaltungen kontinuierlich gewachsen sind.<\/p>\n<p><span style=\"color: #33cc33;\">NOMIX\u00ae<\/span> geht auf artspezifische und typgem\u00e4\u00dfe Eigenheiten jeden Hundes ein. Bei uns wird Ihr Hund nicht \u00fcber &#8222;einen Kamm geschoren&#8220; und &#8222;zurecht gestutzt&#8220;.<\/p>\n<p><span style=\"color: #33cc33;\">NOMIX\u00ae<\/span> erarbeitet, mit Ihrer Hilfe, ein individuell auf den Hund abgestimmtes Erziehungsprogramm. Sie bestimmen vorher was Ihr Hund lernen soll.<\/p>\n<p><span style=\"color: #33cc33;\">NOMIX\u00ae<\/span> schult keine Hunde, sondern seine Menschen (auch die ganze Familie) um nachhaltig Fortschritte erzielen zu k\u00f6nnen. Sie sollten offen sein Neues zu lernen und Altbekanntes \u00fcber Bord zu werfen.<\/p>\n<p><span style=\"color: #33cc33;\">NOMIX\u00ae<\/span> arbeitet nicht nach antiautorit\u00e4ren Erziehungsmethoden, sondern ber\u00fccksichtigt das ganz nat\u00fcrliche Bestreben Ihres Hundes in einem Familienverband zu leben und durch Souver\u00e4nit\u00e4t und Wissen seiner erwachsenen Menschen erzogen zu werden. Jeder Hund braucht zum Wohlf\u00fchlen zuverl\u00e4ssige soziale Kontakte zu seinen Menschen und als Welpe (gleichaltrig) und Junghund (gut sozialisierten) anderen Hunden und im erwachsenen Alter nur zu seinen Rudel.<\/p>\n<p><span style=\"color: #33cc33;\">NOMIX\u00ae<\/span> wird es gelingen, wenn Sie mitarbeiten, eine entspannte Hund &#8211; Mensch Beziehung herzustellen. Sie werden sehen, danach gestaltet sich Ihr Umgang mit Ihrem Vierbeiner um ein vielfaches einfacher.[\/vc_column_text][\/vc_tta_section][vc_tta_section title=&#8220;unsere Leistungen&#8220; tab_id=&#8220;1521350054478-df412ea6-9e67&#8243; el_class=&#8220;leistung&#8220;][vc_column_text]<strong>Welpen-\/Junghundtreff<\/strong><\/p>\n<ul>\n<li>auf <span style=\"color: #33cc33;\">NOMIX\u00ae<\/span> Trainingsgel\u00e4nde (alle Rassen gemeinsam)<\/li>\n<li>Sozialisierung: der Welpe kann mit Artgenossen toben &#8211; nat\u00fcrlich immer unter Aufsicht!<\/li>\n<li>Bindungs\u00fcbungen: die Grundlage aller Erziehungsbem\u00fchungen<\/li>\n<li>Sozialspiele mit anderen Welpen gro\u00dfen und kleinen Wuchses (Sozialisierung), kennenlernen unterschiedlicher Bodenarten, Tunnel, Wippe, Laufsteg, Zelte, u.v.m. (Habituierung)<\/li>\n<li>Erziehungs\u00fcbungen und Tipps: Nimm &#8211; Nein, Alleine bleiben, Tierarztbesuch, u.v.m.<\/li>\n<li>Sachkunde (\u00a73 NHundG)<\/li>\n<\/ul>\n<p><strong>Vorbereitung f\u00fcr theoretische und praktische Sachkundepr\u00fcfung<\/strong><\/p>\n<ul>\n<li>Vorbereitung des Hundes mit seinen Menschen f\u00fcr theoretische \/ praktische Sachkundepr\u00fcfung<\/li>\n<li>Sachkundepr\u00fcfung durch Testcenter NOMIX\u00ae (auf <span style=\"color: #33cc33;\">NOMIX\u00ae<\/span> Trainingsgel\u00e4nde und in der \u00d6ffentlichkeit)<\/li>\n<\/ul>\n<p><strong>Besch\u00e4ftigungstraining (mehr Infos Agility, Bringen, F\u00e4hrtenarbeit)<\/strong><\/p>\n<ul>\n<li>ab ca. 10.- 14. Lebensmonat (Hund sollte ausgewachsen sein und sollte Grundlagen aus dem Grundlagentraining beherrschen) Spa\u00df und Spiel f\u00fcr und mit dem Hund. Sinnvolle geistige und k\u00f6rperliche Besch\u00e4ftigung f\u00fcr Ihren Vierbeiner.<\/li>\n<\/ul>\n<p><strong>Einzelstunden<\/strong><\/p>\n<p>Verhaltensauff\u00e4llige Hunde, deren gezeigtes Verhalten in der Gruppe nicht kontrolliert werden kann. Dazu geh\u00f6ren:<\/p>\n<ul>\n<li>Jagdverhalten bei Familienbegleithunden<\/li>\n<li>Raufen und generelle Unvertr\u00e4glichkeit<\/li>\n<li>Aggressionen gegen Menschen und\/oder Hunde<\/li>\n<li>starke \u00c4ngste \/ Angstaggressionen<\/li>\n<\/ul>\n<p>f\u00fcr die Resozialisierung von verhaltensauff\u00e4lligen Hunden<\/p>\n<p><strong>Vorbereitung auf fremdbestimmte Kursziele<\/strong><\/p>\n<ul>\n<li>Jagdhund* nach Richtlinien zur Erlangung der jagdlichen Brauchbarkeit (NJagdG)<\/li>\n<li>mehr Infos hier!<\/li>\n<\/ul>\n<p>*VDH = Verband f\u00fcr das deutsche Hundewesen<\/p>\n<p>*Jagdhundausbildungskurse (Teilnahme nur mit g\u00fcltigem deutschen Jagdschein des Hundef\u00fchrers)[\/vc_column_text][\/vc_tta_section][vc_tta_section title=&#8220;Preise und Termine&#8220; tab_id=&#8220;1521350316024-7c5db49b-a283&#8243; el_class=&#8220;termine&#8220;][vc_column_text]<\/p>\n<table border=\"1\" width=\"95%\">\n<tbody>\n<tr>\n<th>Treff\/Kurs<\/th>\n<th>Tag<\/th>\n<th>Uhrzeit<\/th>\n<th>Anmeldung<\/th>\n<th><\/th>\n<th>Preis<\/th>\n<\/tr>\n<tr>\n<td>Sachkundepr\u00fcfung Theoriepr\u00fcfung<\/td>\n<td>nach Absprache<\/td>\n<td><\/td>\n<td>erforderlich<\/td>\n<td><\/td>\n<td>60,00 \u20ac<\/td>\n<\/tr>\n<tr>\n<td>Sachkundepr\u00fcfung parktische Pr\u00fcfung<\/td>\n<td>nach Absprache<\/td>\n<td><\/td>\n<td>erforderlich<\/td>\n<td><\/td>\n<td>75,00 \u20ac<\/td>\n<\/tr>\n<tr>\n<td>Welpentreff<br \/>\n(Sozialisierung)<\/td>\n<td>Samstag<\/td>\n<td>ab 09:00 Uhr<\/td>\n<td>erforderlich<\/td>\n<td>8h a 45 min.<\/td>\n<td>110,00 \u20ac<\/td>\n<\/tr>\n<tr>\n<td>Hundetreff<br \/>\n(betreut)<\/td>\n<td>Samstag<\/td>\n<td>10:00 Uhr<\/td>\n<td>erforderlich<\/td>\n<td>8h a 45 min<\/td>\n<td>110,00 \u20ac<\/td>\n<\/tr>\n<tr>\n<td>Hundetreff<br \/>\n(betreut)<\/td>\n<td>Samstag<\/td>\n<td>11:00 Uhr<\/td>\n<td>erforderlich<\/td>\n<td>8h a 45 min<\/td>\n<td>110,00 \u20ac<\/td>\n<\/tr>\n<tr>\n<td>Gruppentraining<\/td>\n<td>Montag<\/td>\n<td>18:30 Uhr<\/td>\n<td>erforderlich<\/td>\n<td>1h a 45 min<\/td>\n<td>9,00 \u20ac<\/td>\n<\/tr>\n<tr>\n<td>Einzelstunde<\/td>\n<td>nach Absprache<\/td>\n<td><\/td>\n<td>erforderlich<\/td>\n<td>1h a 60 min<\/td>\n<td>50,00 \u20ac<\/td>\n<\/tr>\n<tr>\n<td>Jagdgebrauchshund<\/td>\n<td>ab Aprill<\/td>\n<td>nach Absprache<\/td>\n<td>erforderlich<\/td>\n<td><\/td>\n<td>auf Anfrage<\/td>\n<\/tr>\n<\/tbody>\n<\/table>\n<p>Anmeldung telefonisch bei Sarah oder Franjo (s.u.)[\/vc_column_text][\/vc_tta_section][vc_tta_section title=&#8220;unser Team&#8220; tab_id=&#8220;1521351136134-68a045ae-ac66&#8243; el_class=&#8220;team&#8220;]<div class=\"team team_vertical\"><h4 class=\"title \">Sarah Mix<\/h4><div class=\"image_frame photo no_link scale-with-grid\"><div class=\"image_wrapper\"><img loading=\"lazy\" decoding=\"async\" class=\"scale-with-grid\" src=\"https:\/\/nomix-hundeschule.de\/wp-content\/uploads\/2018\/02\/main-1.jpg\" alt=\"main\" width=\"200\" height=\"134\"\/><\/div><\/div><div class=\"desc_wrapper clearfix\"><p class=\"phone\"><i class=\"icon-phone\"><\/i> <a href=\"tel:0152-29587080\" aria-label=\"phone\">0152-29587080<\/a><\/p><hr class=\"hr_color\" \/><div class=\"desc\"><\/p>\n<ul>\n<li>2011 beh\u00f6rdlich anerkannt + zertifizierte (Niedersachsen, Schleswig-Holstein) qualifizierte Hunderezieherin und Hundeverhaltensberaterin (T\u00c4K Schleswig-Holstein, T\u00c4K Niedersachsen; Pr\u00fcfer: Dr. Feddersen-Petersen, Dr. Piturru, Michael Grewe)<\/li>\n<li>2011 Obfrau Hundewesen (Hegering Vechta in der J\u00e4gerschaft Landkreis Vechta des Landesjagdverbandes Niedersachsen) und Leiterin Ausbildungskurs (BrP, HZP, AZP) f\u00fcr BrP-Nachweis nach \u00a71 Abs. 3 BJagdG und Art. 3 Nds.LJagdG<\/li>\n<li>2008 &#8211; 2011 Welpentreff, Junghund-Treff, Erziehungskurse f\u00fcr Familienbegleithunde, Agility-Treff und Berufsausbildung Jagdhunde<\/li>\n<li>2008 12er Wurf aus Deutsch-Kurzhaar H\u00fcndin<\/li>\n<li>2007 Gr\u00fcndung der gewerblichen Hundeschule &#8222;NOMIX&#8220; GBR<\/li>\n<li>2007 Ausbildung mit Pr\u00fcfung zur Hundetrainerin mTA (Joerg Ziemer)<\/li>\n<li>2006 &#8211; 2010 Ausbildung und F\u00fchrung von Vorstehhunden (f\u00fcr BrP-Nachweis nach \u00a71 Abs. 3 BJagdG und Art.3 Nds. LJagdG)<\/li>\n<li>2005 &#8211; 2009 Ausbildung zum Trainer f\u00fcr Jagdhunde; Hospitantin bei Profi Trainern (Jagdkynologie) in den USA, Italien, Tschechien, \u00d6sterreich und Deutschland (Vorstehhunde)<\/li>\n<li>2004 &#8211; 2007 Erziehung meiner Deutsch-Kurzhaar H\u00fcndin zum Jagdhund<\/li>\n<li>1986 &#8211; 2003 erster eigener Hund<\/li>\n<\/ul>\n<p><\/div><div class=\"links\"><a href=\"mailto:info@nomix.biz\" class=\"icon_bar icon_bar_small mail\" aria-label=\"mail\"><span class=\"t\"><i class=\"icon-mail\"><\/i><\/span><span class=\"b\"><i class=\"icon-mail\" aria-hidden=\"true\"><\/i><\/span><\/a><\/div><\/div><\/div>\n[vc_separator color=&#8220;custom&#8220; el_width=&#8220;50&#8243; accent_color=&#8220;#33cc33&#8243;]<div class=\"team team_vertical\"><h4 class=\"title \">Franz-Joseph (Franjo) Nordmann<\/h4><div class=\"image_frame photo no_link scale-with-grid\"><div class=\"image_wrapper\"><img loading=\"lazy\" decoding=\"async\" class=\"scale-with-grid\" src=\"https:\/\/nomix-hundeschule.de\/wp-content\/uploads\/2017\/09\/006_neu.jpg\" alt=\"006_neu\" width=\"200\" height=\"153\"\/><\/div><\/div><div class=\"desc_wrapper clearfix\"><p class=\"phone\"><i class=\"icon-phone\"><\/i> <a href=\"tel:0170-2423309\" aria-label=\"phone\">0170-2423309<\/a><\/p><hr class=\"hr_color\" \/><div class=\"desc\"><\/p>\n<ul>\n<li>Verbandsrichter (Feld I) des Jagdgebrauchshundverbandes e.V.<\/li>\n<li>2011 Beisitzer Pr\u00fcfungswesen im Verein f\u00fcr Pointer uns Setter e.V. der Landesgruppe Nord (Schleswig-Holstein, Niedersachsen, Hamburg und Bremen) (mehr Infos)<\/li>\n<li>2008 &#8211; 2011 Welpentreff, Junghund-Treff, Erziehungskurse f\u00fcr Familienbegleithunde, Agility-Treff und Berufsausbildung Jagdhunde<\/li>\n<li>2007 Gr\u00fcndung der gewerblichen Hundeschule &#8222;NOMIX&#8220; GBR<\/li>\n<li>1988 &#8211; 2011 Obmann Hundewesen (Hegering Vechta in der J\u00e4gerschaft Landkreis Vechta des Landesjagdverbandes Niedersachsen) und Leiter Ausbildungskurs2 (BrP, HZP, AZP) f\u00fcr BrP-Nachweis nach \u00a71 Abs. 3 BJagdG und Art. 3 Nds.LJagdG sowie Leistung Hundekurse f\u00fcr Vorbereitung VGP des JGHV. (mehr Infos)<\/li>\n<li>1991 &#8211; 1993 und 2011 (kom.) Hauptzuchtwart des Vereins f\u00fcr Pointer und Setter (VDH, FCI, JGHV)<\/li>\n<li>1982 &#8211; 1984 Grundkurse f\u00fcr Vorstehhunde im Raum M\u00fcnster und Frankfurt<\/li>\n<li>seit 1975 trainiert und f\u00fchrt er kontinentale und englische Vorstehhunde auf Suchen und Pr\u00fcfungen im Inn- und Ausland (mehr Infos)<\/li>\n<li>seit 1974 besitzt und z\u00fcchtet (1989) er Hunde (mehr Infos)<\/li>\n<\/ul>\n<p><\/div><div class=\"links\"><a href=\"mailto:info@nomix.biz\" class=\"icon_bar icon_bar_small mail\" aria-label=\"mail\"><span class=\"t\"><i class=\"icon-mail\"><\/i><\/span><span class=\"b\"><i class=\"icon-mail\" aria-hidden=\"true\"><\/i><\/span><\/a><\/div><\/div><\/div>\n[\/vc_tta_section][vc_tta_section title=&#8220;Zertifizierung&#8220; tab_id=&#8220;1521351226808-877f5bb0-b919&#8243; el_class=&#8220;zertifizierung&#8220;][vc_column_text]<\/p>\n<h3>Zertifizierung<\/h3>\n<p>Seit 2011 ist Sarah Mix als Hundtrainerin und Hundeverhaltensberaterin zertifiziert und vom Landkreis Vechta anerkannt.<br \/>\nSomit darf die Hundeschule NOMIX\u00ae die erforderliche Sachkundepr\u00fcfung (&#8222;Hundef\u00fchrerschein&#8220;) sowohl in der Theorie als auch in der Praxis abnehmen. F\u00fcr weitere Informationen bitten wir um Kontaktaufnahme entweder <a href=\"#team\">per E-Mail oder per Telefon<\/a>.[\/vc_column_text][vc_row_inner][vc_column_inner width=&#8220;1\/2&#8243;][vc_single_image image=&#8220;64&#8243; img_size=&#8220;medium&#8220; style=&#8220;vc_box_shadow_border&#8220; onclick=&#8220;link_image&#8220;][\/vc_column_inner][vc_column_inner width=&#8220;1\/2&#8243;][vc_single_image image=&#8220;63&#8243; img_size=&#8220;medium&#8220; alignment=&#8220;right&#8220; style=&#8220;vc_box_shadow_border&#8220; onclick=&#8220;link_image&#8220;][\/vc_column_inner][\/vc_row_inner][\/vc_tta_section][vc_tta_section title=&#8220;Sachkunde Pr\u00fcfung&#8220; tab_id=&#8220;1521352623158-1b3f2cc7-6bf5&#8243;]<div class=\"icon_box icon_position_top has_border\"><a class=\"\" href=\"#team\"   title=\"\"><div class=\"icon_wrapper\"><div class=\"icon\"><i class=\"icon-info\" aria-hidden=\"true\"><\/i><\/div><\/div><div class=\"desc_wrapper\"><h4 class=\"title \">Sachkundenachweis<\/h4><div class=\"desc\">NOMIX\u00ae ist Testcenter f\u00fcr die theoretische und praktische Sachkundepr\u00fcfung gem\u00e4\u00df NHundG.<br \/>\nIhre Ansprechpartnerin Sarah Mix ist qualifizierte Hundetrainerin und -verhaltensberaterin, beh\u00f6rdlich anerkannte Pr\u00fcferin zur Abnahme des Sachkundenachweises.<\/div><\/div><\/a><\/div>\n[\/vc_tta_section][\/vc_tta_accordion][vc_separator el_id=&#8220;karte&#8220;][vc_row_inner el_class=&#8220;impressum&#8220;][vc_column_inner]<div class=\"get_in_touch\" ><h3 class=\"title \">Sarah Mix<\/h3><div class=\"get_in_touch_wrapper\"><ul><li class=\"phone phone-1\"><span class=\"icon\"><i class=\"icon-phone\"><\/i><\/span><p><a href=\"tel:015229587080\">015229587080<\/a><\/p><\/li><li class=\"mail\"><span class=\"icon\"><i class=\"icon-mail\"><\/i><\/span><p><a href=\"mailto:mix@nomix-hundeschule.de\">mix@nomix-hundeschule.de<\/a><\/p><\/li><li class=\"www\"><span class=\"icon\"><i class=\"icon-link\"><\/i><\/span><p><a target=\"_blank\" href=\"https:\/\/www.nomix-hundeschule.de\">www.nomix-hundeschule.de<\/a><\/p><\/li><\/ul><\/div><\/div>\n<div class=\"get_in_touch\" ><h3 class=\"title \">Franjo Nordmann<\/h3><div class=\"get_in_touch_wrapper\"><ul><li class=\"phone phone-1\"><span class=\"icon\"><i class=\"icon-phone\"><\/i><\/span><p><a href=\"tel:01702423309\">01702423309<\/a><\/p><\/li><li class=\"mail\"><span class=\"icon\"><i class=\"icon-mail\"><\/i><\/span><p><a href=\"mailto:nordmann@nomix-hundeschule.de\">nordmann@nomix-hundeschule.de<\/a><\/p><\/li><li class=\"www\"><span class=\"icon\"><i class=\"icon-link\"><\/i><\/span><p><a target=\"_blank\" href=\"https:\/\/www.nomix-hundeschule.de\">www.nomix-hundeschule.de<\/a><\/p><\/li><\/ul><\/div><\/div>\n[vc_gmaps link=&#8220;#E-8_JTNDaWZyYW1lJTIwc3JjJTNEJTIyaHR0cHMlM0ElMkYlMkZ3d3cuZ29vZ2xlLmNvbSUyRm1hcHMlMkZlbWJlZCUzRnBiJTNEJTIxMW0xOCUyMTFtMTIlMjExbTMlMjExZDQwNjUuOTk2NDgwMTc2ODQyNCUyMTJkOC4yNTk4MDU2MzExMjI3NzklMjEzZDUyLjcwMjMwNDM4OTYyOTc0JTIxMm0zJTIxMWYwJTIxMmYwJTIxM2YwJTIxM20yJTIxMWkxMDI0JTIxMmk3NjglMjE0ZjEzLjElMjEzbTMlMjExbTIlMjExczB4MCUyNTNBMHg2MTYxZmNkOTc0OGJhMzM0JTIxMnNOT01JWCUyQi0lMkJIdW5kZXNjaHVsZSUyMTVlMCUyMTNtMiUyMTFzZGUlMjEyc2RlJTIxNHYxNTQ5Nzk1MDExMDQ3JTIyJTIwd2lkdGglM0QlMjI2MDAlMjIlMjBoZWlnaHQlM0QlMjI0NTAlMjIlMjBmcmFtZWJvcmRlciUzRCUyMjAlMjIlMjBzdHlsZSUzRCUyMmJvcmRlciUzQTAlMjIlMjBhbGxvd2Z1bGxzY3JlZW4lM0UlM0MlMkZpZnJhbWUlM0U=&#8220;][\/vc_column_inner][\/vc_row_inner][\/vc_column][vc_column width=&#8220;1\/6&#8243;][\/vc_column][\/vc_row]<\/p>\n<\/div>","protected":false},"excerpt":{"rendered":"<p>[vc_row][vc_column width=&#8220;1\/6&#8243;][\/vc_column][vc_column width=&#8220;2\/3&#8243;][vc_column_text el_id=&#8220;home&#8220;] Herzlich willkommen auf unserer Homepage [\/vc_column_text][vc_tta_accordion color=&#8220;green&#8220; active_section=&#8220;1&#8243; no_fill=&#8220;true&#8220; css=&#8220;.vc_custom_1521351692932{background-color: #3f3f3f !important;}&#8220;][vc_tta_section title=&#8220;Herzlich willkommen&#8220; tab_id=&#8220;1521349630782-27ca7aad-bec1&#8243;][vc_column_text]NOMIX\u00ae freut sich auf jeden Rasse- oder Rassemix-Vierbeiner<span class=\"excerpt-hellip\"> [\u2026]<\/span><\/p>\n","protected":false},"author":3,"featured_media":0,"parent":0,"menu_order":0,"comment_status":"closed","ping_status":"closed","template":"","meta":{"footnotes":""},"class_list":["post-228","page","type-page","status-publish","hentry"],"_links":{"self":[{"href":"https:\/\/nomix-hundeschule.de\/index.php\/wp-json\/wp\/v2\/pages\/228","targetHints":{"allow":["GET"]}}],"collection":[{"href":"https:\/\/nomix-hundeschule.de\/index.php\/wp-json\/wp\/v2\/pages"}],"about":[{"href":"https:\/\/nomix-hundeschule.de\/index.php\/wp-json\/wp\/v2\/types\/page"}],"author":[{"embeddable":true,"href":"https:\/\/nomix-hundeschule.de\/index.php\/wp-json\/wp\/v2\/users\/3"}],"replies":[{"embeddable":true,"href":"https:\/\/nomix-hundeschule.de\/index.php\/wp-json\/wp\/v2\/comments?post=228"}],"version-history":[{"count":10,"href":"https:\/\/nomix-hundeschule.de\/index.php\/wp-json\/wp\/v2\/pages\/228\/revisions"}],"predecessor-version":[{"id":269,"href":"https:\/\/nomix-hundeschule.de\/index.php\/wp-json\/wp\/v2\/pages\/228\/revisions\/269"}],"wp:attachment":[{"href":"https:\/\/nomix-hundeschule.de\/index.php\/wp-json\/wp\/v2\/media?parent=228"}],"curies":[{"name":"wp","href":"https:\/\/api.w.org\/{rel}","templated":true}]}}